{"id":270,"date":"2019-05-21T18:53:26","date_gmt":"2019-05-21T16:53:26","guid":{"rendered":"http:\/\/plusfliesen.at\/?page_id=270"},"modified":"2023-08-24T08:10:10","modified_gmt":"2023-08-24T06:10:10","slug":"impressum","status":"publish","type":"page","link":"https:\/\/plusfliesen.at\/index.php\/impressum\/","title":{"rendered":"Impressum"},"content":{"rendered":"<p>[et_pb_section fb_built=&#8220;1&#8243; _builder_version=&#8220;3.22.7&#8243;][et_pb_row _builder_version=&#8220;3.25&#8243;][et_pb_column type=&#8220;4_4&#8243; _builder_version=&#8220;3.25&#8243; custom_padding=&#8220;|||&#8220; custom_padding__hover=&#8220;|||&#8220;][et_pb_text _builder_version=&#8220;3.27.4&#8243;]<\/p>\n<p style=\"text-align: center;\"><strong>IMPRESSUM<\/strong><\/p>\n<p>[\/et_pb_text][\/et_pb_column][\/et_pb_row][et_pb_row _builder_version=&#8220;3.25&#8243;][et_pb_column type=&#8220;4_4&#8243; _builder_version=&#8220;3.25&#8243; custom_padding=&#8220;|||&#8220; custom_padding__hover=&#8220;|||&#8220;][et_pb_text _builder_version=&#8220;4.8.2&#8243; hover_enabled=&#8220;0&#8243; sticky_enabled=&#8220;0&#8243;]<\/p>\n<p>Informationspflicht laut \u00a75 E-Commerce Gesetz, \u00a714 Unternehmensgesetzbuch, \u00a763 Gewerbeordnung und Offenlegungspflicht laut \u00a725 Mediengesetz.<\/p>\n<p>MC PLUS Fliesen KG<br \/> T\u00fcrkenstra\u00dfe 15<br \/> 4061 Pasching\/Langholzfeld<\/p>\n<p><strong>Unternehmensgegenstand:<\/strong>\u00a0Platten- und Fliesenleger<br \/> <strong>UID-Nummer: <\/strong>ATU74371208<br \/> <strong>Firmenbuchnummer:<\/strong>\u00a0511535h<br \/> <strong>Firmenbuchgericht:<\/strong>\u00a0Landesgericht Linz<br \/> <strong>Firmensitz:<\/strong>\u00a04061 Pasching\/Langholzfeld<\/p>\n<p><strong>Tel.:<\/strong> <span class=\"selectable-text copyable-text\">+43 676 9028629<\/span><\/p>\n<p><strong>Mitglied bei:<\/strong>\u00a0WKO<br \/> <strong>Berufsrecht:<\/strong>\u00a0Gewerbeordnung: www.ris.bka.gv.at<\/p>\n<p><strong>Aufsichtsbeh\u00f6rde\/Gewerbebeh\u00f6rde:<\/strong>\u00a0Bezirkshauptmannschaft Linz Land<br \/> <strong>Berufsbezeichnung:<\/strong>\u00a0Platten- und Fliesenleger<br \/> <strong>Verleihungsstaat:<\/strong>\u00a0\u00d6sterreich<\/p>\n<p><strong>EU-Streitschlichtung<\/strong><\/p>\n<p>Angaben zur Online-Streitbeilegung: Verbraucher haben die M\u00f6glichkeit, Beschwerden an die OnlineStreitbeilegungsplattform der EU zu richten:\u00a0<a href=\"https:\/\/ec.europa.eu\/consumers\/odr\/main\/index.cfm?event=main.home2.show&amp;lng=DE\">https:\/\/ec.europa.eu\/consumers\/odr\/main\/index.cfm?event=main.home2.show&amp;lng=DE<\/a>. Sie k\u00f6nnen allf\u00e4llige Beschwerde auch an die oben angegebene E-Mail-Adresse richten.<\/p>\n<p><strong>Haftung f\u00fcr Inhalte dieser Webseite<\/strong><\/p>\n<p>Wir entwickeln die Inhalte dieser Webseite st\u00e4ndig weiter und bem\u00fchen uns korrekte und aktuelle Informationen bereitzustellen. Leider k\u00f6nnen wir keine Haftung f\u00fcr die Korrektheit aller Inhalte auf dieser Webseite \u00fcbernehmen, speziell f\u00fcr jene die seitens Dritter bereitgestellt wird. Sollten Ihnen problematische oder rechtswidrige Inhalte auffallen, bitte wir Sie uns umgehend zu kontaktieren, Sie finden die Kontaktdaten im Impressum.<\/p>\n<p><strong>Haftung f\u00fcr Links auf dieser Webseite<\/strong><\/p>\n<p>Unsere Webseite enth\u00e4lt Links zu anderen Webseiten f\u00fcr deren Inhalt wir nicht verantwortlich sind. Wenn Ihnen rechtswidrige Links auf unserer Webseite auffallen, bitte wir Sie uns zu kontaktieren, Sie finden die Kontaktdaten im Impressum.<\/p>\n<p><strong>Urheberrechtshinweis<\/strong><\/p>\n<p>Alle Inhalte dieser Webseite (Bilder, Fotos, Texte, Videos) unterliegen dem Urheberrecht. Falls notwendig, werden wir die unerlaubte Nutzung von Teilen der Inhalte unserer Seite rechtlich verfolgen<\/p>\n<p>[\/et_pb_text][\/et_pb_column][\/et_pb_row][\/et_pb_section][et_pb_section fb_built=&#8220;1&#8243; fullwidth=&#8220;on&#8220; _builder_version=&#8220;3.22.7&#8243;][\/et_pb_section][et_pb_section fb_built=&#8220;1&#8243; _builder_version=&#8220;3.22.7&#8243;][\/et_pb_section]<\/p>\n","protected":false},"excerpt":{"rendered":"<p>[et_pb_section fb_built=&#8220;1&#8243; _builder_version=&#8220;3.22.7&#8243;][et_pb_row _builder_version=&#8220;3.25&#8243;][et_pb_column type=&#8220;4_4&#8243; _builder_version=&#8220;3.25&#8243; custom_padding=&#8220;|||&#8220; custom_padding__hover=&#8220;|||&#8220;][et_pb_text _builder_version=&#8220;3.27.4&#8243;] IMPRESSUM [\/et_pb_text][\/et_pb_column][\/et_pb_row][et_pb_row _builder_version=&#8220;3.25&#8243;][et_pb_column type=&#8220;4_4&#8243; _builder_version=&#8220;3.25&#8243; custom_padding=&#8220;|||&#8220; custom_padding__hover=&#8220;|||&#8220;][et_pb_text _builder_version=&#8220;4.8.2&#8243; hover_enabled=&#8220;0&#8243; sticky_enabled=&#8220;0&#8243;] Informationspflicht laut \u00a75 E-Commerce Gesetz, \u00a714 Unternehmensgesetzbuch, \u00a763 Gewerbeordnung und Offenlegungspflicht laut \u00a725 Mediengesetz. MC PLUS Fliesen KG T\u00fcrkenstra\u00dfe 15 4061 Pasching\/Langholzfeld Unternehmensgegenstand:\u00a0Platten- und Fliesenleger UID-Nummer: ATU74371208 Firmenbuchnummer:\u00a0511535h Firmenbuchgericht:\u00a0Landesgericht Linz Firmensitz:\u00a04061 Pasching\/Langholzfeld Tel.: +43 676 9028629 [&hellip;]<\/p>\n","protected":false},"author":1,"featured_media":0,"parent":0,"menu_order":0,"comment_status":"closed","ping_status":"closed","template":"","meta":{"_et_pb_use_builder":"on","_et_pb_old_content":"","_et_gb_content_width":""},"_links":{"self":[{"href":"https:\/\/plusfliesen.at\/index.php\/wp-json\/wp\/v2\/pages\/270"}],"collection":[{"href":"https:\/\/plusfliesen.at\/index.php\/wp-json\/wp\/v2\/pages"}],"about":[{"href":"https:\/\/plusfliesen.at\/index.php\/wp-json\/wp\/v2\/types\/page"}],"author":[{"embeddable":true,"href":"https:\/\/plusfliesen.at\/index.php\/wp-json\/wp\/v2\/users\/1"}],"replies":[{"embeddable":true,"href":"https:\/\/plusfliesen.at\/index.php\/wp-json\/wp\/v2\/comments?post=270"}],"version-history":[{"count":11,"href":"https:\/\/plusfliesen.at\/index.php\/wp-json\/wp\/v2\/pages\/270\/revisions"}],"predecessor-version":[{"id":356,"href":"https:\/\/plusfliesen.at\/index.php\/wp-json\/wp\/v2\/pages\/270\/revisions\/356"}],"wp:attachment":[{"href":"https:\/\/plusfliesen.at\/index.php\/wp-json\/wp\/v2\/media?parent=270"}],"curies":[{"name":"wp","href":"https:\/\/api.w.org\/{rel}","templated":true}]}}